{"id":18,"date":"2022-11-10T14:49:54","date_gmt":"2022-11-10T13:49:54","guid":{"rendered":"https:\/\/www.sarahnaturo.fr\/?page_id=18"},"modified":"2023-03-28T09:57:54","modified_gmt":"2023-03-28T07:57:54","slug":"me-contacter","status":"publish","type":"page","link":"https:\/\/www.sarahnaturo.fr\/index.php\/me-contacter\/","title":{"rendered":"Me contacter"},"content":{"rendered":"\n<p>N&#8217;h\u00e9sitez pas \u00e0 me contacter via le formulaire ci dessous pour obtenir plus d&#8217;informations sur nos services de massage, de bien-\u00eatre, de r\u00e9flexologie sur Banyuls et Port Vendres<\/p>\n\n\n\n\n\n<figure class=\"wp-block-gallery has-nested-images columns-default is-cropped wp-block-gallery-1 is-layout-flex wp-block-gallery-is-layout-flex\">\n<figure class=\"wp-block-image size-large is-style-rounded\"><img loading=\"lazy\" decoding=\"async\" width=\"1000\" height=\"523\" data-id=\"168\" src=\"https:\/\/www.sarahnaturo.fr\/wp-content\/uploads\/2022\/12\/LG_InstantPlantBackground-1.jpeg\" alt=\"me contacter\" class=\"wp-image-168\" srcset=\"https:\/\/www.sarahnaturo.fr\/wp-content\/uploads\/2022\/12\/LG_InstantPlantBackground-1.jpeg 1000w, https:\/\/www.sarahnaturo.fr\/wp-content\/uploads\/2022\/12\/LG_InstantPlantBackground-1-300x157.jpeg 300w, https:\/\/www.sarahnaturo.fr\/wp-content\/uploads\/2022\/12\/LG_InstantPlantBackground-1-768x402.jpeg 768w\" sizes=\"auto, (max-width: 1000px) 100vw, 1000px\" \/><\/figure>\n<\/figure>\n\n\n\n<h1 class=\"has-text-align-center wp-block-heading\" id=\"adresse-du-cabinet\">Adresse du Cabinet<\/h1>\n\n\n\n<figure class=\"wp-block-pullquote\"><blockquote><p>15 avenue du Puig Del Mas, 66650 Banyuls Sur Mer <\/p><\/blockquote><\/figure>\n","protected":false},"excerpt":{"rendered":"<p>N&#8217;h\u00e9sitez pas \u00e0 me contacter via le formulaire ci dessous pour obtenir plus d&#8217;informations sur nos services de massage, de bien-\u00eatre, de r\u00e9flexologie sur Banyuls et Port Vendres Adresse du Cabinet 15 avenue du Puig Del Mas, 66650 Banyuls Sur Mer<\/p>\n","protected":false},"author":1,"featured_media":0,"parent":0,"menu_order":0,"comment_status":"closed","ping_status":"closed","template":"","meta":{"footnotes":""},"class_list":["post-18","page","type-page","status-publish","hentry"],"_links":{"self":[{"href":"https:\/\/www.sarahnaturo.fr\/index.php\/wp-json\/wp\/v2\/pages\/18","targetHints":{"allow":["GET"]}}],"collection":[{"href":"https:\/\/www.sarahnaturo.fr\/index.php\/wp-json\/wp\/v2\/pages"}],"about":[{"href":"https:\/\/www.sarahnaturo.fr\/index.php\/wp-json\/wp\/v2\/types\/page"}],"author":[{"embeddable":true,"href":"https:\/\/www.sarahnaturo.fr\/index.php\/wp-json\/wp\/v2\/users\/1"}],"replies":[{"embeddable":true,"href":"https:\/\/www.sarahnaturo.fr\/index.php\/wp-json\/wp\/v2\/comments?post=18"}],"version-history":[{"count":10,"href":"https:\/\/www.sarahnaturo.fr\/index.php\/wp-json\/wp\/v2\/pages\/18\/revisions"}],"predecessor-version":[{"id":354,"href":"https:\/\/www.sarahnaturo.fr\/index.php\/wp-json\/wp\/v2\/pages\/18\/revisions\/354"}],"wp:attachment":[{"href":"https:\/\/www.sarahnaturo.fr\/index.php\/wp-json\/wp\/v2\/media?parent=18"}],"curies":[{"name":"wp","href":"https:\/\/api.w.org\/{rel}","templated":true}]}}